{"id":59,"date":"2019-06-30T05:19:27","date_gmt":"2019-06-30T03:19:27","guid":{"rendered":"https:\/\/edouard.audio\/featured\/"},"modified":"2023-08-02T00:54:31","modified_gmt":"2023-08-01T22:54:31","slug":"featured","status":"publish","type":"page","link":"https:\/\/edouard.audio\/fr\/","title":{"rendered":"Featured"},"content":{"rendered":"<div id=\"cs-content\" class=\"cs-content\"><\/div>\n","protected":false},"excerpt":{"rendered":"<p>DERNI\u00c8RE SORTIE : INTO YOU, un EP synthpop avec des remix de Grace Kim (Radio FG, So Happy in Paris) et LIFELIKE (Kitsun\u00e9,\u00a0Discopolis, So Electric).\u00c9COUTEAnother World, le quatri\u00e8me single et un hymne d&rsquo;espoir dans la crise actuelle, est sorti en m\u00eame temps que le premier clip d&rsquo;Edouard.\u00a0D\u00e9j\u00e0 1,6M \u00e9coutes sur TikTok.VOIR LE CLIP\u00c9COUTELe troisi\u00e8me single d&rsquo;Edouard, une reprise \u00e9lectro de &#8230;<\/p>\n","protected":false},"author":2,"featured_media":0,"parent":0,"menu_order":0,"comment_status":"closed","ping_status":"closed","template":"","meta":{"inline_featured_image":false,"footnotes":""},"class_list":["post-59","page","type-page","status-publish","hentry","no-post-thumbnail"],"yoast_head":"<!-- This site is optimized with the Yoast SEO plugin v27.4 - https:\/\/yoast.com\/product\/yoast-seo-wordpress\/ -->\n<title>Featured &#8211; Edouard<\/title>\n<meta name=\"description\" content=\"Discover the latest music release from Edouard \u2014 Electro \/ Pop \/ Dance \/ House Producer with a sprinkle of French electronic wizardry.\" \/>\n<meta name=\"robots\" content=\"index, follow, max-snippet:-1, max-image-preview:large, max-video-preview:-1\" \/>\n<link rel=\"canonical\" href=\"https:\/\/edouard.audio\/fr\/\" \/>\n<meta property=\"og:locale\" content=\"fr_FR\" \/>\n<meta property=\"og:type\" content=\"article\" \/>\n<meta property=\"og:title\" content=\"Featured &#8211; Edouard\" \/>\n<meta property=\"og:description\" content=\"Discover the latest music release from Edouard \u2014 Electro \/ Pop \/ Dance \/ House Producer with a sprinkle of French electronic wizardry.\" \/>\n<meta property=\"og:url\" content=\"https:\/\/edouard.audio\/fr\/\" \/>\n<meta property=\"og:site_name\" content=\"Edouard\" \/>\n<meta property=\"article:publisher\" content=\"https:\/\/www.facebook.com\/EdouardOff\/\" \/>\n<meta property=\"article:modified_time\" content=\"2023-08-01T22:54:31+00:00\" \/>\n<meta name=\"twitter:card\" content=\"summary_large_image\" \/>\n<meta name=\"twitter:site\" content=\"@EdouardMusic\" \/>\n<meta name=\"twitter:label1\" content=\"Dur\u00e9e de lecture estim\u00e9e\" \/>\n\t<meta name=\"twitter:data1\" content=\"3 minutes\" \/>\n<script type=\"application\/ld+json\" class=\"yoast-schema-graph\">{\"@context\":\"https:\\\/\\\/schema.org\",\"@graph\":[{\"@type\":\"WebPage\",\"@id\":\"https:\\\/\\\/edouard.audio\\\/fr\\\/\",\"url\":\"https:\\\/\\\/edouard.audio\\\/fr\\\/\",\"name\":\"Featured &#8211; Edouard\",\"isPartOf\":{\"@id\":\"https:\\\/\\\/edouard.audio\\\/fr\\\/#website\"},\"datePublished\":\"2019-06-30T03:19:27+00:00\",\"dateModified\":\"2023-08-01T22:54:31+00:00\",\"description\":\"Discover the latest music release from Edouard \u2014 Electro \\\/ Pop \\\/ Dance \\\/ House Producer with a sprinkle of French electronic wizardry.\",\"breadcrumb\":{\"@id\":\"https:\\\/\\\/edouard.audio\\\/fr\\\/#breadcrumb\"},\"inLanguage\":\"fr-FR\",\"potentialAction\":[{\"@type\":\"ReadAction\",\"target\":[\"https:\\\/\\\/edouard.audio\\\/fr\\\/\"]}]},{\"@type\":\"BreadcrumbList\",\"@id\":\"https:\\\/\\\/edouard.audio\\\/fr\\\/#breadcrumb\",\"itemListElement\":[{\"@type\":\"ListItem\",\"position\":1,\"name\":\"Home\",\"item\":\"https:\\\/\\\/edouard.audio\\\/fr\\\/featured\\\/\"},{\"@type\":\"ListItem\",\"position\":2,\"name\":\"Featured\"}]},{\"@type\":\"WebSite\",\"@id\":\"https:\\\/\\\/edouard.audio\\\/fr\\\/#website\",\"url\":\"https:\\\/\\\/edouard.audio\\\/fr\\\/\",\"name\":\"Edouard\",\"description\":\"\",\"publisher\":{\"@id\":\"https:\\\/\\\/edouard.audio\\\/fr\\\/#organization\"},\"potentialAction\":[{\"@type\":\"SearchAction\",\"target\":{\"@type\":\"EntryPoint\",\"urlTemplate\":\"https:\\\/\\\/edouard.audio\\\/fr\\\/?s={search_term_string}\"},\"query-input\":{\"@type\":\"PropertyValueSpecification\",\"valueRequired\":true,\"valueName\":\"search_term_string\"}}],\"inLanguage\":\"fr-FR\"},{\"@type\":\"Organization\",\"@id\":\"https:\\\/\\\/edouard.audio\\\/fr\\\/#organization\",\"name\":\"Edouard\",\"url\":\"https:\\\/\\\/edouard.audio\\\/fr\\\/\",\"logo\":{\"@type\":\"ImageObject\",\"inLanguage\":\"fr-FR\",\"@id\":\"https:\\\/\\\/edouard.audio\\\/fr\\\/#\\\/schema\\\/logo\\\/image\\\/\",\"url\":\"https:\\\/\\\/edouard.audio\\\/wp-content\\\/uploads\\\/2019\\\/06\\\/SiteIcon.png\",\"contentUrl\":\"https:\\\/\\\/edouard.audio\\\/wp-content\\\/uploads\\\/2019\\\/06\\\/SiteIcon.png\",\"width\":512,\"height\":512,\"caption\":\"Edouard\"},\"image\":{\"@id\":\"https:\\\/\\\/edouard.audio\\\/fr\\\/#\\\/schema\\\/logo\\\/image\\\/\"},\"sameAs\":[\"https:\\\/\\\/www.facebook.com\\\/EdouardOff\\\/\",\"https:\\\/\\\/x.com\\\/EdouardMusic\",\"https:\\\/\\\/www.instagram.com\\\/edouardmusic\\\/\"]}]}<\/script>\n<!-- \/ Yoast SEO plugin. -->","yoast_head_json":{"title":"Featured &#8211; Edouard","description":"Discover the latest music release from Edouard \u2014 Electro \/ Pop \/ Dance \/ House Producer with a sprinkle of French electronic wizardry.","robots":{"index":"index","follow":"follow","max-snippet":"max-snippet:-1","max-image-preview":"max-image-preview:large","max-video-preview":"max-video-preview:-1"},"canonical":"https:\/\/edouard.audio\/fr\/","og_locale":"fr_FR","og_type":"article","og_title":"Featured &#8211; Edouard","og_description":"Discover the latest music release from Edouard \u2014 Electro \/ Pop \/ Dance \/ House Producer with a sprinkle of French electronic wizardry.","og_url":"https:\/\/edouard.audio\/fr\/","og_site_name":"Edouard","article_publisher":"https:\/\/www.facebook.com\/EdouardOff\/","article_modified_time":"2023-08-01T22:54:31+00:00","twitter_card":"summary_large_image","twitter_site":"@EdouardMusic","twitter_misc":{"Dur\u00e9e de lecture estim\u00e9e":"3 minutes"},"schema":{"@context":"https:\/\/schema.org","@graph":[{"@type":"WebPage","@id":"https:\/\/edouard.audio\/fr\/","url":"https:\/\/edouard.audio\/fr\/","name":"Featured &#8211; Edouard","isPartOf":{"@id":"https:\/\/edouard.audio\/fr\/#website"},"datePublished":"2019-06-30T03:19:27+00:00","dateModified":"2023-08-01T22:54:31+00:00","description":"Discover the latest music release from Edouard \u2014 Electro \/ Pop \/ Dance \/ House Producer with a sprinkle of French electronic wizardry.","breadcrumb":{"@id":"https:\/\/edouard.audio\/fr\/#breadcrumb"},"inLanguage":"fr-FR","potentialAction":[{"@type":"ReadAction","target":["https:\/\/edouard.audio\/fr\/"]}]},{"@type":"BreadcrumbList","@id":"https:\/\/edouard.audio\/fr\/#breadcrumb","itemListElement":[{"@type":"ListItem","position":1,"name":"Home","item":"https:\/\/edouard.audio\/fr\/featured\/"},{"@type":"ListItem","position":2,"name":"Featured"}]},{"@type":"WebSite","@id":"https:\/\/edouard.audio\/fr\/#website","url":"https:\/\/edouard.audio\/fr\/","name":"Edouard","description":"","publisher":{"@id":"https:\/\/edouard.audio\/fr\/#organization"},"potentialAction":[{"@type":"SearchAction","target":{"@type":"EntryPoint","urlTemplate":"https:\/\/edouard.audio\/fr\/?s={search_term_string}"},"query-input":{"@type":"PropertyValueSpecification","valueRequired":true,"valueName":"search_term_string"}}],"inLanguage":"fr-FR"},{"@type":"Organization","@id":"https:\/\/edouard.audio\/fr\/#organization","name":"Edouard","url":"https:\/\/edouard.audio\/fr\/","logo":{"@type":"ImageObject","inLanguage":"fr-FR","@id":"https:\/\/edouard.audio\/fr\/#\/schema\/logo\/image\/","url":"https:\/\/edouard.audio\/wp-content\/uploads\/2019\/06\/SiteIcon.png","contentUrl":"https:\/\/edouard.audio\/wp-content\/uploads\/2019\/06\/SiteIcon.png","width":512,"height":512,"caption":"Edouard"},"image":{"@id":"https:\/\/edouard.audio\/fr\/#\/schema\/logo\/image\/"},"sameAs":["https:\/\/www.facebook.com\/EdouardOff\/","https:\/\/x.com\/EdouardMusic","https:\/\/www.instagram.com\/edouardmusic\/"]}]}},"_links":{"self":[{"href":"https:\/\/edouard.audio\/fr\/wp-json\/wp\/v2\/pages\/59","targetHints":{"allow":["GET"]}}],"collection":[{"href":"https:\/\/edouard.audio\/fr\/wp-json\/wp\/v2\/pages"}],"about":[{"href":"https:\/\/edouard.audio\/fr\/wp-json\/wp\/v2\/types\/page"}],"author":[{"embeddable":true,"href":"https:\/\/edouard.audio\/fr\/wp-json\/wp\/v2\/users\/2"}],"replies":[{"embeddable":true,"href":"https:\/\/edouard.audio\/fr\/wp-json\/wp\/v2\/comments?post=59"}],"version-history":[{"count":0,"href":"https:\/\/edouard.audio\/fr\/wp-json\/wp\/v2\/pages\/59\/revisions"}],"wp:attachment":[{"href":"https:\/\/edouard.audio\/fr\/wp-json\/wp\/v2\/media?parent=59"}],"curies":[{"name":"wp","href":"https:\/\/api.w.org\/{rel}","templated":true}]}}